{"id":823,"date":"2022-01-12T05:04:50","date_gmt":"2022-01-12T05:04:50","guid":{"rendered":"https:\/\/robertocastellano.club\/academia\/?page_id=823"},"modified":"2022-01-12T06:39:53","modified_gmt":"2022-01-12T06:39:53","slug":"la-biomecanica-del-peso-muerto","status":"publish","type":"page","link":"https:\/\/robertocastellano.club\/academia\/la-biomecanica-del-peso-muerto\/","title":{"rendered":"La biomec\u00e1nica del peso muerto"},"content":{"rendered":"<p><img loading=\"lazy\" decoding=\"async\" class=\"alignnone wp-image-824\" src=\"http:\/\/robertocastellano.club\/academia\/wp-content\/uploads\/2022\/01\/rober-6.jpg\" alt=\"\" width=\"1200\" height=\"656\" srcset=\"https:\/\/robertocastellano.club\/academia\/wp-content\/uploads\/2022\/01\/rober-6.jpg 750w, https:\/\/robertocastellano.club\/academia\/wp-content\/uploads\/2022\/01\/rober-6-300x164.jpg 300w\" sizes=\"auto, (max-width: 1200px) 100vw, 1200px\" \/><\/p>\n<p>Conocer el mecanismo exacto del\u00a0<strong>peso muerto<\/strong>, puede ayudarte a realizarlo con la t\u00e9cnica correcta y as\u00ed evitar lesiones. A diferencia de las sentadillas, el\u00a0<strong>peso muerto\u00a0<\/strong>comienza con el ascenso, con la cadera, la rodilla y los tobillos extendidos por completo hasta alcanzar la posici\u00f3n erguida\u2026 cosas triviales, pero cuando hablo de biomec\u00e1nica debo definir las cosas como son\u2026<\/p>\n<p>Existen dos estilos de\u00a0<strong>peso muerto<\/strong>\u00a0que se utilizan com\u00fanmente: el convencional y el sumo; para ello he investigado dos estudios que me parecen de relevancia, aunque no siempre me pongo a analizar estudios\u2026 \u00a1 OJO !&#8230;<\/p>\n<ul>\n<li>McGuigan y Wilson (2001) llevaron a cabo un an\u00e1lisis biomec\u00e1nico completo de ambas t\u00e9cnicas, y revelaron que la variaci\u00f3n del sumo ofrec\u00eda ciertas ventajas mec\u00e1nicas, como la posici\u00f3n m\u00e1s erguida del torso, que da como resultado una menor deformaci\u00f3n lumbar debido a la reducci\u00f3n de la flexi\u00f3n de la columna.<\/li>\n<li>Escamilla (2000) encontr\u00f3 que el estilo convencional requer\u00eda un mayor gasto de energ\u00eda de aproximadamente un 25-40%, destacando las ventajas de ambos estilos.<\/li>\n<\/ul>\n<p>La elecci\u00f3n del estilo depende, en \u00faltima instancia, de tu comodidad, tus preferencias personales o tu biomec\u00e1nica individual, que es la que siempre llevamos en cuenta para desarrollar las preparaciones.<\/p>\n<p><a class=\"fancybox\" href=\"https:\/\/www.masmusculo.com.es\/wp-content\/uploads\/2021\/04\/POSICIONES-1.jpg\" data-fancybox=\"gallery\"><img loading=\"lazy\" decoding=\"async\" class=\"alignnone size-full wp-image-33111\" src=\"https:\/\/www.masmusculo.com.es\/wp-content\/uploads\/2021\/04\/POSICIONES-1.jpg\" alt=\"\" width=\"1200\" height=\"1313\" \/><\/a><\/p>\n<h2><em>La posici\u00f3n inicial<\/em><\/h2>\n<p>En la posici\u00f3n inicial, coloca la barra sobre la mitad de tu pie, mientras que tus pies tienen aproximadamente el mismo ancho que requerir\u00edan para un salto vertical de pie plano.<\/p>\n<p>La barra debe permanecer lo m\u00e1s cerca posible de tu cuerpo durante todo el levantamiento, \u00a0para minimizar el momento del brazo, \u00a0tanto en la rodilla como en la cadera.<\/p>\n<blockquote>\n<h3>El \u00e1ngulo de espalda preferido es de aproximadamente 45 \u00b0, pero esto depende en gran medida de la antropometr\u00eda de cada atleta.<\/h3>\n<\/blockquote>\n<p>Por ejemplo, un atleta con f\u00e9mures largos y torso corto (ATLETA 1), exhibir\u00e1 un torso m\u00e1s horizontal al piso, reduciendo el \u00e1ngulo de la espalda, mientras que alguien con f\u00e9mures m\u00e1s cortos y un torso m\u00e1s largo (ATLETA 2), podr\u00e1 usar un \u00e1ngulo de espalda de 45\u00b0, pero ninguno de ellos puede mostrar un \u00e1ngulo de espalda de 45\u00b0.<\/p>\n<p><a class=\"fancybox\" href=\"https:\/\/www.masmusculo.com.es\/wp-content\/uploads\/2021\/04\/PESOM0.jpg\" data-fancybox=\"gallery\"><img loading=\"lazy\" decoding=\"async\" class=\"alignnone size-full wp-image-33107\" src=\"https:\/\/www.masmusculo.com.es\/wp-content\/uploads\/2021\/04\/PESOM0.jpg\" alt=\"\" width=\"1200\" height=\"475\" \/><\/a><\/p>\n<ul>\n<li>Una estrategia correctiva que podr\u00eda aplicarse para estos casos, es elevar ligeramente la barra para reducir la cantidad de flexi\u00f3n de cadera, mientras se levanta la barra al pecho.<\/li>\n<li>Esto permitir\u00eda a ambos levantadores realizar el ejercicio con cierto grado de carga, mientras mantienen una columna vertebral neutra y segura.<\/li>\n<\/ul>\n<p>Para m\u00ed la sentadilla y el\u00a0<strong>peso muerto<\/strong>\u00a0son marcadamente diferentes en t\u00e9rminos de an\u00e1lisis cinem\u00e1tico, ya que la sentadilla es un movimiento segmentado sin\u00e9rgico y el\u00a0<strong>peso muerto<\/strong>\u00a0un movimiento secuencial o segmentado.<\/p>\n<p>Esto es de importante \u00a0cuando se comparan los \u00e1ngulos de cadera y rodilla en \u00a0una sentadilla y un\u00a0<strong>peso muerto<\/strong>.<\/p>\n<blockquote>\n<h3>Ambos levantamientos parecen exhibir \u00e1ngulos de cadera y rodilla similares en la posici\u00f3n inferior, pero el factor limitante probablemente sea la falta de dorsiflexi\u00f3n del tobillo.<\/h3>\n<\/blockquote>\n<p>Los om\u00f3platos deben comenzar en la parte superior de la barra con tus hombros justo al frente, ya que es la t\u00e9cnica m\u00e1s eficaz, debido a que tus om\u00f3platos transfieren la fuerza generada por las piernas al comienzo del levantamiento, hacia tu espalda y hacia la barra.<\/p>\n<p>A medida que tiras de la barra en l\u00ednea vertical sobre el medio pie, la gravedad tira en la direcci\u00f3n opuesta, por lo tanto, tus om\u00f3platos deben estar por encima de la barra para proporcionarte la posici\u00f3n m\u00e1s ventajosa para tirar contra la l\u00ednea de gravedad.<\/p>\n<ul>\n<li>Si comienzas el movimiento con los hombros ligeramente detr\u00e1s de la barra, tus rodillas se empujan hacia adelante, lo que resulta en una trayectoria de barra ineficaz.<\/li>\n<li>Puedes corregir esto levantando la barra ligeramente del suelo usando bloques, lo que te da un \u00e1ngulo de cadera m\u00e1s abierto, permitiendo que tus hombros se muevan frente a la barra.<\/li>\n<\/ul>\n<p><a class=\"fancybox\" href=\"https:\/\/www.masmusculo.com.es\/wp-content\/uploads\/2021\/04\/rango.jpg\" data-fancybox=\"gallery\"><img loading=\"lazy\" decoding=\"async\" class=\"alignnone size-full wp-image-33110\" src=\"https:\/\/www.masmusculo.com.es\/wp-content\/uploads\/2021\/04\/rango.jpg\" alt=\"\" width=\"1200\" height=\"1002\" \/><\/a><\/p>\n<h2><em>La posici\u00f3n final<\/em><\/h2>\n<p>El levantamiento del\u00a0<strong>peso muerto<\/strong>\u00a0termina en la parte superior del ascenso, cuando tus caderas, rodillas y tobillos est\u00e1n completamente extendidos y tu columna vertebral permanece en una posici\u00f3n neutral.<\/p>\n<p><a class=\"fancybox\" href=\"https:\/\/www.masmusculo.com.es\/wp-content\/uploads\/2021\/04\/PESOM1.jpg\" data-fancybox=\"gallery\"><img loading=\"lazy\" decoding=\"async\" class=\"alignnone size-full wp-image-33108\" src=\"https:\/\/www.masmusculo.com.es\/wp-content\/uploads\/2021\/04\/PESOM1.jpg\" alt=\"\" width=\"1200\" height=\"475\" \/><\/a><\/p>\n<p>Un cierto desplazamiento horizontal posterior de la barra durante el descenso, cuando la barra baja por tus muslos, permite que la barra permanezca ajustada a tu cuerpo y elimina un aumento en el momento del brazo en la cadera. Entonces obtienes una buena posici\u00f3n de bloqueo, con tu torso vertical y tu columna neutra.<\/p>\n<p>Por el contrario, si existe cierta hiperextensi\u00f3n lumbar en el bloqueo, lo cual est\u00e1 contraindicado, probablemente se deba a la posici\u00f3n inicial menos que adecuada de los hombros y la falta de control p\u00e9lvico, y \u00a0posiblemente, debilidad en los gl\u00fateos.<\/p>\n<blockquote>\n<h3>Las indicaciones del preparador para contraer con fuerza el gl\u00fateo mayor y los abdominales en la posici\u00f3n de bloqueo, pueden ayudarte a llevar la pelvis a una posici\u00f3n m\u00e1s neutral.<\/h3>\n<\/blockquote>\n<p>Del mismo modo, los ejercicios correctivos como la elevaci\u00f3n de cadera en el suelo\u00a0 tambi\u00e9n pueden ayudarte con esto.<\/p>\n<h2><em>Conclusi\u00f3n<\/em><\/h2>\n<p>Recuerda que el\u00a0<strong>peso muerto<\/strong>\u00a0(como la sentadilla) es un movimiento complejo que requiere la integraci\u00f3n de m\u00faltiples sistemas articulares y grupos musculares.<\/p>\n<p><a class=\"fancybox\" href=\"https:\/\/www.masmusculo.com.es\/wp-content\/uploads\/2021\/04\/POSICIONES.jpg\" data-fancybox=\"gallery\"><img loading=\"lazy\" decoding=\"async\" class=\"alignnone size-full wp-image-33109\" src=\"https:\/\/www.masmusculo.com.es\/wp-content\/uploads\/2021\/04\/POSICIONES.jpg\" alt=\"\" width=\"1022\" height=\"568\" \/><\/a><\/p>\n<p>Al descomponer el movimiento a trav\u00e9s de este an\u00e1lisis biomec\u00e1nico, puedes resaltar las fortalezas y debilidades del ejercicio.<\/p>\n<p>Esto te ayudar\u00e1 a \u00a0identificar estrategias correctivas para mejorar tu rendimiento y obtener resultados de entrenamiento \u00f3ptimos, reduciendo el riesgo de lesiones\u2026 bueno para nosotros, los preparadores es b\u00e1sico saberlo\u2026<\/p>\n<table class=\" table table-hover\" border=\"0\" width=\"100%\" cellspacing=\"0\" cellpadding=\"0\">\n<tbody>\n<tr>\n<th colspan=\"3\" scope=\"col\">\n<div align=\"justify\">\n<h4>He compilado una serie de art\u00edculos y los v\u00eddeos de mis entrenos de peso muerto, esos que voy publicando en mi insta desde que lo abr\u00ed, espero os guste.<\/h4>\n<p><img loading=\"lazy\" decoding=\"async\" class=\"alignnone wp-image-2140 size-full\" src=\"https:\/\/robertocastellano.club\/wp-content\/uploads\/2021\/03\/MISARTIS.jpg\" alt=\"\" width=\"1200\" height=\"207\" \/><\/p>\n<\/div>\n<\/th>\n<\/tr>\n<tr>\n<th>\n<div align=\"left\">\n<h4>C\u00b4MO DESARROLLAR EL PESO MUERTO<\/h4>\n<\/div>\n<\/th>\n<th><\/th>\n<th><a href=\"https:\/\/robertocastellano.com\/entrenamiento\/el-peso-muerto\/\" target=\"_blank\" rel=\"noopener\"><img loading=\"lazy\" decoding=\"async\" src=\"https:\/\/robertocastellano.club\/wp-content\/uploads\/2021\/03\/leer.jpg\" width=\"100\" height=\"100\" border=\"0\" \/><\/a><\/th>\n<\/tr>\n<tr>\n<th scope=\"col\">\n<div align=\"left\">\n<h4>LA VARIANTE CON LA BARRA HEXAGONAL<\/h4>\n<\/div>\n<\/th>\n<th scope=\"col\"><\/th>\n<th scope=\"col\"><a href=\"https:\/\/robertocastellano.com\/entrenamiento\/porque-la-barra-hexagonal-es-perfecta-para-el-peso-muerto\/\" target=\"_blank\" rel=\"noopener\"><img loading=\"lazy\" decoding=\"async\" src=\"https:\/\/robertocastellano.club\/wp-content\/uploads\/2021\/03\/leer.jpg\" width=\"100\" height=\"100\" border=\"0\" \/><\/a><\/th>\n<\/tr>\n<tr>\n<th scope=\"col\">\n<div align=\"left\">\n<h4>EL ENTRENO DE<br \/>\nEXPLOSI\u00d3N DE FUERZA<\/h4>\n<\/div>\n<\/th>\n<th scope=\"col\"><\/th>\n<th scope=\"col\"><a href=\"https:\/\/robertocastellano.com\/entreno-de-fuerza-de-explosion\/\" target=\"_blank\" rel=\"noopener\"><img loading=\"lazy\" decoding=\"async\" src=\"https:\/\/robertocastellano.club\/wp-content\/uploads\/2021\/03\/leer.jpg\" width=\"100\" height=\"100\" border=\"0\" \/><\/a><\/th>\n<\/tr>\n<tr>\n<th scope=\"col\">\n<div align=\"left\">\n<h4>LAS PATAS MANDAN<br \/>\nPARA EL CULTURISTA<\/h4>\n<\/div>\n<\/th>\n<th scope=\"col\"><\/th>\n<th scope=\"col\"><a href=\"https:\/\/robertocastellano.com\/entrenamiento\/las-piernas-son-las-que-mandan-en-el-culturismo\/\" target=\"_blank\" rel=\"noopener\"><img loading=\"lazy\" decoding=\"async\" src=\"https:\/\/robertocastellano.club\/wp-content\/uploads\/2021\/03\/leer.jpg\" width=\"100\" height=\"100\" border=\"0\" \/><\/a><\/th>\n<\/tr>\n<tr>\n<th scope=\"col\">\n<div align=\"left\">\n<h4>HEAVY DUTY<br \/>\nENTRENO DE PIERNAS<\/h4>\n<\/div>\n<\/th>\n<th scope=\"col\"><\/th>\n<th scope=\"col\"><a href=\"https:\/\/robertocastellano.com\/entrenamiento\/desarrollando-el-heavy-duty-en-parejas\/\" target=\"_blank\" rel=\"noopener\"><img loading=\"lazy\" decoding=\"async\" src=\"https:\/\/robertocastellano.club\/wp-content\/uploads\/2021\/03\/leer.jpg\" width=\"100\" height=\"100\" border=\"0\" \/><\/a><\/th>\n<\/tr>\n<tr>\n<th scope=\"col\">\n<div align=\"left\">\n<h4>RETOMANDO EL PESO MUERTO<\/h4>\n<\/div>\n<\/th>\n<th scope=\"col\"><\/th>\n<th scope=\"col\"><a href=\"https:\/\/robertocastellano.com\/entrenamiento\/retomando-el-peso-muerto\/\" target=\"_blank\" rel=\"noopener\"><img loading=\"lazy\" decoding=\"async\" src=\"https:\/\/robertocastellano.club\/wp-content\/uploads\/2021\/03\/leer.jpg\" width=\"100\" height=\"100\" border=\"0\" \/><\/a><\/th>\n<\/tr>\n<tr>\n<th scope=\"col\">\n<div align=\"left\">\n<h4>ANATOM\u00cdA DE PIERNAS<br \/>\nUNA GU\u00cdA PR\u00c1CTICA<\/h4>\n<\/div>\n<\/th>\n<th scope=\"col\"><\/th>\n<th scope=\"col\"><a href=\"https:\/\/robertocastellano.com\/entrenamiento\/anatomia-de-las-piernas\/\" target=\"_blank\" rel=\"noopener\"><img loading=\"lazy\" decoding=\"async\" src=\"https:\/\/robertocastellano.club\/wp-content\/uploads\/2021\/03\/leer.jpg\" width=\"100\" height=\"100\" border=\"0\" \/><\/a><\/th>\n<\/tr>\n<tr>\n<th colspan=\"3\" scope=\"col\">\n<div align=\"left\">\n<h4 class=\"Estilo1\"><img loading=\"lazy\" decoding=\"async\" class=\"alignnone wp-image-2152 size-full\" src=\"https:\/\/robertocastellano.club\/wp-content\/uploads\/2021\/03\/misentrenos.jpg\" alt=\"\" width=\"1200\" height=\"207\" \/><\/h4>\n<\/div>\n<\/th>\n<\/tr>\n<tr>\n<th scope=\"col\">\n<div align=\"left\">\n<h4>Buscando los 300 kg<br \/>\n3 reps x 280 kg<br \/>\nme lesiono el dorsal<\/h4>\n<\/div>\n<\/th>\n<th scope=\"col\"><\/th>\n<th scope=\"col\"><a href=\"https:\/\/www.instagram.com\/p\/CIiYuIaBwIQ\/\" target=\"_blank\" rel=\"noopener\"><img loading=\"lazy\" decoding=\"async\" src=\"https:\/\/www.robertocastellano.club\/wp-content\/uploads\/2021\/03\/logomini-1.jpg\" width=\"100\" height=\"100\" border=\"0\" \/><\/a><\/th>\n<\/tr>\n<tr>\n<th scope=\"col\">\n<div align=\"left\">\n<h4>Subiendo<br \/>\n4 reps x 260 kg<br \/>\ntirar m\u00e1s del quads<\/h4>\n<\/div>\n<\/th>\n<th scope=\"col\"><\/th>\n<th scope=\"col\"><a href=\"https:\/\/www.instagram.com\/p\/CHaUWG8BnFd\/\" target=\"_blank\" rel=\"noopener\"><img loading=\"lazy\" decoding=\"async\" src=\"https:\/\/www.robertocastellano.club\/wp-content\/uploads\/2021\/03\/logomini-1.jpg\" width=\"100\" height=\"100\" border=\"0\" \/><\/a><\/th>\n<\/tr>\n<tr>\n<th scope=\"col\">\n<div align=\"left\">\n<h4>M\u00e1s gesto de sentadilla<br \/>\n4 reps x 2 50 kg<br \/>\ncon retracci\u00f3n previa<\/h4>\n<\/div>\n<\/th>\n<th scope=\"col\"><\/th>\n<th scope=\"col\"><a href=\"https:\/\/www.instagram.com\/p\/CHAYnsMB7Gw\/\" target=\"_blank\" rel=\"noopener\"><img loading=\"lazy\" decoding=\"async\" src=\"https:\/\/www.robertocastellano.club\/wp-content\/uploads\/2021\/03\/logomini-1.jpg\" width=\"100\" height=\"100\" border=\"0\" \/><\/a><\/th>\n<\/tr>\n<tr>\n<th scope=\"col\">\n<div align=\"left\">\n<h4>Quise probar los 300, pero<br \/>\nPrimero 6 reps x 270 kg<br \/>\ntocaba esperar<\/h4>\n<\/div>\n<\/th>\n<th scope=\"col\"><\/th>\n<th scope=\"col\"><a href=\"https:\/\/www.instagram.com\/p\/Btgqmd_hwo5\/\" target=\"_blank\" rel=\"noopener\"><img loading=\"lazy\" decoding=\"async\" src=\"https:\/\/www.robertocastellano.club\/wp-content\/uploads\/2021\/03\/logomini-1.jpg\" width=\"100\" height=\"100\" border=\"0\" \/><\/a><\/th>\n<\/tr>\n<tr>\n<th scope=\"col\">\n<div align=\"left\">\n<h4>No siempre pesado<br \/>\n16 reps x 200 kg<br \/>\nestimulando crecimiento<\/h4>\n<\/div>\n<\/th>\n<th scope=\"col\"><\/th>\n<th scope=\"col\"><a href=\"https:\/\/www.instagram.com\/p\/Bs_AWSjhL3C\/\" target=\"_blank\" rel=\"noopener\"><img loading=\"lazy\" decoding=\"async\" src=\"https:\/\/www.robertocastellano.club\/wp-content\/uploads\/2021\/03\/logomini-1.jpg\" width=\"100\" height=\"100\" border=\"0\" \/><\/a><\/th>\n<\/tr>\n<tr>\n<th scope=\"col\">\n<div align=\"left\">\n<h4>Llegando a 300 kg<br \/>\nLa doy x v\u00e1lida&#8230;.<br \/>\nme dio un pinchazo<\/h4>\n<\/div>\n<\/th>\n<th scope=\"col\"><\/th>\n<th scope=\"col\"><a href=\"https:\/\/www.instagram.com\/p\/BgYSwjflKzc\/\" target=\"_blank\" rel=\"noopener\"><img loading=\"lazy\" decoding=\"async\" src=\"https:\/\/www.robertocastellano.club\/wp-content\/uploads\/2021\/03\/logomini-1.jpg\" width=\"100\" height=\"100\" border=\"0\" \/><\/a><\/th>\n<\/tr>\n<tr>\n<th scope=\"col\">\n<div align=\"left\">\n<h4>Pensando en 300 kg<br \/>\n4 reps x 280 kg<br \/>\nNo est\u00e1 mal tampoco<\/h4>\n<\/div>\n<\/th>\n<th scope=\"col\"><\/th>\n<th scope=\"col\"><a href=\"https:\/\/www.instagram.com\/p\/Bfvx70BACox\/\" target=\"_blank\" rel=\"noopener\"><img loading=\"lazy\" decoding=\"async\" src=\"https:\/\/www.robertocastellano.club\/wp-content\/uploads\/2021\/03\/logomini-1.jpg\" width=\"100\" height=\"100\" border=\"0\" \/><\/a><\/th>\n<\/tr>\n<tr>\n<th scope=\"col\">\n<div align=\"left\">\n<h4>Recuperando lesiones&#8230;<br \/>\n8 reps x 260 kg<br \/>\n15 reps x 200 kg<\/h4>\n<\/div>\n<\/th>\n<th scope=\"col\"><\/th>\n<th scope=\"col\"><a href=\"https:\/\/www.instagram.com\/p\/Bfd-bFigdI0\/\" target=\"_blank\" rel=\"noopener\"><img loading=\"lazy\" decoding=\"async\" src=\"https:\/\/www.robertocastellano.club\/wp-content\/uploads\/2021\/03\/logomini-1.jpg\" width=\"100\" height=\"100\" border=\"0\" \/><\/a><\/th>\n<\/tr>\n<tr>\n<th scope=\"col\">\n<div align=\"left\">\n<h4>Trabajando duro<br \/>\nHoy con 280 kg<br \/>\nsin accesorios<\/h4>\n<\/div>\n<\/th>\n<th scope=\"col\"><\/th>\n<th scope=\"col\"><a href=\"https:\/\/www.instagram.com\/p\/BcP800VgFhQ\/\"><img loading=\"lazy\" decoding=\"async\" src=\"https:\/\/www.robertocastellano.club\/wp-content\/uploads\/2021\/03\/logomini-1.jpg\" width=\"100\" height=\"100\" border=\"0\" \/><\/a><\/th>\n<\/tr>\n<tr>\n<th scope=\"col\">\n<div align=\"left\">\n<h4>C\/falla al agarre<br \/>\n16 reps x 200 kg<\/h4>\n<\/div>\n<\/th>\n<th scope=\"col\"><\/th>\n<th scope=\"col\"><a href=\"https:\/\/www.instagram.com\/p\/BRoBV-QAMQ4\/\" target=\"_blank\" rel=\"noopener\"><img loading=\"lazy\" decoding=\"async\" src=\"https:\/\/www.robertocastellano.club\/wp-content\/uploads\/2021\/03\/logomini-1.jpg\" width=\"100\" height=\"100\" border=\"0\" \/><\/a><\/th>\n<\/tr>\n<tr>\n<th scope=\"col\">\n<div align=\"left\">\n<h4>8 semanas (de desgarro)<br \/>\n6 x 260 kg<br \/>\ncon tr\u00edceps jodido<\/h4>\n<\/div>\n<\/th>\n<th scope=\"col\"><\/th>\n<th scope=\"col\"><a href=\"https:\/\/www.instagram.com\/p\/BP2QoP-B7lH\/\" target=\"_blank\" rel=\"noopener\"><img loading=\"lazy\" decoding=\"async\" src=\"https:\/\/www.robertocastellano.club\/wp-content\/uploads\/2021\/03\/logomini-1.jpg\" width=\"100\" height=\"100\" border=\"0\" \/><\/a><\/th>\n<\/tr>\n<tr>\n<th scope=\"col\">\n<div align=\"left\">\n<h4>En recuperaci\u00f3n<br \/>\nAl l\u00edmite: 280 kg<br \/>\nmejorando<\/h4>\n<\/div>\n<\/th>\n<th scope=\"col\"><\/th>\n<th scope=\"col\"><a href=\"https:\/\/www.facebook.com\/roberto.castellanoperez\/videos\/10215100419414053\" target=\"_blank\" rel=\"noopener\"><img loading=\"lazy\" decoding=\"async\" src=\"https:\/\/www.robertocastellano.club\/wp-content\/uploads\/2021\/03\/logomini-1.jpg\" width=\"100\" height=\"100\" border=\"0\" \/><\/a><\/th>\n<\/tr>\n<tr>\n<th scope=\"col\">\n<div align=\"left\">\n<h4>En recuperaci\u00f3n<br \/>\n240 kg x 5 rps<br \/>\nla quinta con par\u00f3n<\/h4>\n<\/div>\n<\/th>\n<th scope=\"col\"><\/th>\n<th scope=\"col\"><a href=\"https:\/\/www.facebook.com\/roberto.castellanoperez\/videos\/10211534753354630\" target=\"_blank\" rel=\"noopener\"><img loading=\"lazy\" decoding=\"async\" src=\"https:\/\/www.robertocastellano.club\/wp-content\/uploads\/2021\/03\/logomini-1.jpg\" width=\"100\" height=\"100\" border=\"0\" \/><\/a><\/th>\n<\/tr>\n<tr>\n<th scope=\"col\">\n<div align=\"left\"><\/div>\n<\/th>\n<th scope=\"col\"><\/th>\n<\/tr>\n<\/tbody>\n<\/table>\n","protected":false},"excerpt":{"rendered":"<p>Conocer el mecanismo exacto del\u00a0peso muerto, puede ayudarte a realizarlo con la t\u00e9cnica correcta y as\u00ed evitar lesiones. A diferencia de las sentadillas, el\u00a0peso muerto\u00a0comienza con el ascenso, con la cadera, la<a class=\"moretag\" href=\"https:\/\/robertocastellano.club\/academia\/la-biomecanica-del-peso-muerto\/\">Leer m\u00e1s&#8230;<\/a><\/p>\n","protected":false},"author":1,"featured_media":0,"parent":0,"menu_order":0,"comment_status":"closed","ping_status":"closed","template":"","meta":{"footnotes":""},"class_list":["post-823","page","type-page","status-publish","hentry"],"_links":{"self":[{"href":"https:\/\/robertocastellano.club\/academia\/wp-json\/wp\/v2\/pages\/823","targetHints":{"allow":["GET"]}}],"collection":[{"href":"https:\/\/robertocastellano.club\/academia\/wp-json\/wp\/v2\/pages"}],"about":[{"href":"https:\/\/robertocastellano.club\/academia\/wp-json\/wp\/v2\/types\/page"}],"author":[{"embeddable":true,"href":"https:\/\/robertocastellano.club\/academia\/wp-json\/wp\/v2\/users\/1"}],"replies":[{"embeddable":true,"href":"https:\/\/robertocastellano.club\/academia\/wp-json\/wp\/v2\/comments?post=823"}],"version-history":[{"count":5,"href":"https:\/\/robertocastellano.club\/academia\/wp-json\/wp\/v2\/pages\/823\/revisions"}],"predecessor-version":[{"id":829,"href":"https:\/\/robertocastellano.club\/academia\/wp-json\/wp\/v2\/pages\/823\/revisions\/829"}],"wp:attachment":[{"href":"https:\/\/robertocastellano.club\/academia\/wp-json\/wp\/v2\/media?parent=823"}],"curies":[{"name":"wp","href":"https:\/\/api.w.org\/{rel}","templated":true}]}}