{"id":84,"date":"2021-10-13T06:43:11","date_gmt":"2021-10-13T06:43:11","guid":{"rendered":"https:\/\/robertocastellano.club\/academia\/?page_id=84"},"modified":"2022-07-30T08:55:42","modified_gmt":"2022-07-30T08:55:42","slug":"bloque-13","status":"publish","type":"page","link":"https:\/\/robertocastellano.club\/academia\/bloque-13\/","title":{"rendered":"BLOQUE 13"},"content":{"rendered":"<p><img loading=\"lazy\" decoding=\"async\" class=\"alignnone wp-image-1536 size-full\" src=\"http:\/\/robertocastellano.club\/academia\/wp-content\/uploads\/2022\/07\/bloque13.jpg\" alt=\"\" width=\"1200\" height=\"572\" srcset=\"https:\/\/robertocastellano.club\/academia\/wp-content\/uploads\/2022\/07\/bloque13.jpg 1200w, https:\/\/robertocastellano.club\/academia\/wp-content\/uploads\/2022\/07\/bloque13-300x143.jpg 300w, https:\/\/robertocastellano.club\/academia\/wp-content\/uploads\/2022\/07\/bloque13-1024x488.jpg 1024w, https:\/\/robertocastellano.club\/academia\/wp-content\/uploads\/2022\/07\/bloque13-768x366.jpg 768w\" sizes=\"auto, (max-width: 1200px) 100vw, 1200px\" \/><\/p>\n<p>El trabajo profesional con el cliente requiere de una buena preparaci\u00f3n y de la experiencia, para coger confianza y mantener una buena relaci\u00f3n. Hablo de la actividad f\u00edsica como mediadora de la salud y, aunque muchos solo quieren trabajar con competidores, tambi\u00e9n tienes que tomar en cuenta a los que entrenan para el bienestar o para mantener el f\u00edsico.<\/p>\n<p>Cuanto m\u00e1s datos recabas y cu\u00e1nta m\u00e1s informaci\u00f3n clasificada tienes, es mejor para ti como preparador. Recuerda que manejas variables dietarias, de estilos de vida y de entrenamiento con datos objetivos y subjetivos, que debes combinar para afianzar un programa de entrenamiento.<\/p>\n<p>Cada preparador debe adaptarse a cada cliente y, de acuerdo a mi experiencia hay cientos de tipos de persona con su propio perfil, lo que requiere de mucha informaci\u00f3n, el an\u00e1lisis correspondiente y las definiciones de objetivos y seguimiento en cada etapa del entrenamiento o preparaci\u00f3n.<\/p>\n\r\n    <div>        \r\n    <video id=\"plyr69f86b4343110\" controls class=\"easy-video-player\">\r\n       <source src=\"https:\/\/robertocastellano.club\/academia\/bloque13\/video-13.mp4\" type=\"video\/mp4\" \/>\r\n    <\/video>\r\n    <\/div>    <script>\r\n        const evplayerplyr69f86b4343110 = new Plyr(document.getElementById('plyr69f86b4343110'));\r\n        evplayerplyr69f86b4343110.ratio = '16:9';\r\n        evplayerplyr69f86b4343110.iconUrl = 'https:\/\/robertocastellano.club\/academia\/wp-content\/plugins\/easy-video-player\/lib\/plyr.svg';\r\n        evplayerplyr69f86b4343110.blankVideo = 'https:\/\/robertocastellano.club\/academia\/wp-content\/plugins\/easy-video-player\/lib\/blank.mp4';  \r\n    <\/script>\n<h2>Contenido Relacionado<\/h2>\n<h4><strong><em>Un preparador debe:<\/em><\/strong><\/h4>\n<ul>\n<li><a href=\"https:\/\/robertocastellano.club\/academia\/porque-analizar-las-cosas\/\" target=\"_blank\" rel=\"noopener\">Analizar las cosas, siempre<\/a><\/li>\n<li><a href=\"https:\/\/robertocastellano.club\/academia\/como-afrontar-las-dificultades-en-una-preparacion\/\" target=\"_blank\" rel=\"noopener\">Saber enfrentar los problemas en una preparaci\u00f3n<\/a><\/li>\n<li><a href=\"https:\/\/robertocastellano.club\/academia\/intrusismo-laboral-que-pienso\/\" target=\"_blank\" rel=\"noopener\">Reconocer el intrusismo laboral<\/a><\/li>\n<li><a href=\"https:\/\/robertocastellano.club\/academia\/reconocer-el-companerismo\/\" target=\"_blank\" rel=\"noopener\">Sentir el compa\u00f1erismo<\/a><\/li>\n<\/ul>\n<h4><em><strong>Mi experiencia:<\/strong><\/em><\/h4>\n<ul>\n<li><a href=\"https:\/\/robertocastellano.club\/academia\/con-mis-clientes-como-en-la-vieja-escuela\/\" target=\"_blank\" rel=\"noopener\">Con mis clientes, como en la vieja escuela<\/a><\/li>\n<li><a href=\"https:\/\/robertocastellano.club\/academia\/la-pasion-de-entrenar-con-la-cantera\/\" target=\"_blank\" rel=\"noopener\">La pasi\u00f3n de entrenar con la cantera<\/a><\/li>\n<li><a href=\"https:\/\/robertocastellano.club\/academia\/que-nos-molesta-a-los-preparadores\/\" target=\"_blank\" rel=\"noopener\">Qu\u00e9 nos molesta a los preparadores<\/a><\/li>\n<li><a href=\"https:\/\/robertocastellano.club\/academia\/como-preparo-a-mis-atletas-indicaciones-internas-y-externas\/\" target=\"_blank\" rel=\"noopener\">\u00bfC\u00f3mo preparo a mis atletas?<\/a><\/li>\n<li><a href=\"https:\/\/robertocastellano.club\/academia\/atleta-o-entrenador-ambos\/\" target=\"_blank\" rel=\"noopener\">\u00bfAtleta o Entrenador?, \u00bfAmbos?.<\/a><\/li>\n<li><a href=\"https:\/\/robertocastellano.club\/academia\/cosas-aprendidas-de-la-gente\/\" target=\"_blank\" rel=\"noopener\">Cosas aprendidas de la gente<\/a><\/li>\n<li><a href=\"https:\/\/robertocastellano.club\/academia\/un-ejemplo-interprentando-mi-analitica\/\" target=\"_blank\" rel=\"noopener\">Un ejemplo, interpretando mi anal\u00edtica<\/a>.<\/li>\n<\/ul>\n<h4><strong><em>Cosas que aprender:<\/em><\/strong><\/h4>\n<ul>\n<li><a href=\"https:\/\/robertocastellano.club\/academia\/los-objetivos-pueden-garantizar-los-resultados\/\" target=\"_blank\" rel=\"noopener\">Los objetivos, \u00bfpueden garantizar resultados?<\/a><\/li>\n<li><a href=\"https:\/\/robertocastellano.club\/academia\/registro-o-seguimiento-lo-tienes-o-no\/\" target=\"_blank\" rel=\"noopener\">La importancia del seguimiento del programa<\/a><\/li>\n<li><a href=\"https:\/\/robertocastellano.club\/academia\/para-preparadores-y-preparados\/\" target=\"_blank\" rel=\"noopener\">Para preparadores y preparados<\/a><\/li>\n<li><a href=\"https:\/\/robertocastellano.club\/academia\/por-que-no-culpar-siempre-al-entrenador\/\" target=\"_blank\" rel=\"noopener\">Porqu\u00e9 no culpar siempre al preparador<\/a><\/li>\n<\/ul>\n<h4 style=\"text-align: center;\">\u00ab\u00ab <a href=\"https:\/\/robertocastellano.club\/academia\/bloque-12\/\">ANTERIOR<\/a> &#8211; <a href=\"https:\/\/robertocastellano.club\/academia\/bloque-14\/\">SIGUIENTE<\/a> \u00bb\u00bb<\/h4>\n","protected":false},"excerpt":{"rendered":"<p>El trabajo profesional con el cliente requiere de una buena preparaci\u00f3n y de la experiencia, para coger confianza y mantener una buena relaci\u00f3n. Hablo de la actividad f\u00edsica como mediadora de la<a class=\"moretag\" href=\"https:\/\/robertocastellano.club\/academia\/bloque-13\/\">Leer m\u00e1s&#8230;<\/a><\/p>\n","protected":false},"author":1,"featured_media":0,"parent":0,"menu_order":0,"comment_status":"closed","ping_status":"closed","template":"","meta":{"footnotes":""},"class_list":["post-84","page","type-page","status-publish","hentry"],"_links":{"self":[{"href":"https:\/\/robertocastellano.club\/academia\/wp-json\/wp\/v2\/pages\/84","targetHints":{"allow":["GET"]}}],"collection":[{"href":"https:\/\/robertocastellano.club\/academia\/wp-json\/wp\/v2\/pages"}],"about":[{"href":"https:\/\/robertocastellano.club\/academia\/wp-json\/wp\/v2\/types\/page"}],"author":[{"embeddable":true,"href":"https:\/\/robertocastellano.club\/academia\/wp-json\/wp\/v2\/users\/1"}],"replies":[{"embeddable":true,"href":"https:\/\/robertocastellano.club\/academia\/wp-json\/wp\/v2\/comments?post=84"}],"version-history":[{"count":26,"href":"https:\/\/robertocastellano.club\/academia\/wp-json\/wp\/v2\/pages\/84\/revisions"}],"predecessor-version":[{"id":1712,"href":"https:\/\/robertocastellano.club\/academia\/wp-json\/wp\/v2\/pages\/84\/revisions\/1712"}],"wp:attachment":[{"href":"https:\/\/robertocastellano.club\/academia\/wp-json\/wp\/v2\/media?parent=84"}],"curies":[{"name":"wp","href":"https:\/\/api.w.org\/{rel}","templated":true}]}}