{"id":986,"date":"2022-02-28T04:55:20","date_gmt":"2022-02-28T04:55:20","guid":{"rendered":"https:\/\/robertocastellano.club\/academia\/?page_id=986"},"modified":"2022-02-28T07:35:34","modified_gmt":"2022-02-28T07:35:34","slug":"alcohol","status":"publish","type":"page","link":"https:\/\/robertocastellano.club\/academia\/alcohol\/","title":{"rendered":"ALCOHOL"},"content":{"rendered":"<h4><img loading=\"lazy\" decoding=\"async\" class=\"alignnone size-full wp-image-1041\" src=\"http:\/\/robertocastellano.club\/academia\/wp-content\/uploads\/2022\/02\/titulo-alcohol.png\" alt=\"\" width=\"1200\" height=\"572\" srcset=\"https:\/\/robertocastellano.club\/academia\/wp-content\/uploads\/2022\/02\/titulo-alcohol.png 1200w, https:\/\/robertocastellano.club\/academia\/wp-content\/uploads\/2022\/02\/titulo-alcohol-300x143.png 300w, https:\/\/robertocastellano.club\/academia\/wp-content\/uploads\/2022\/02\/titulo-alcohol-1024x488.png 1024w, https:\/\/robertocastellano.club\/academia\/wp-content\/uploads\/2022\/02\/titulo-alcohol-768x366.png 768w\" sizes=\"auto, (max-width: 1200px) 100vw, 1200px\" \/><\/h4>\n<h4><em>El alcohol, que aporta 7 kcal x gramo, nutricionalmente no tiene \u00abnada bueno\u00bb, pues es desfavorable para el cuerpo humano&#8230; son CALOR\u00cdAS VAC\u00cdAS&#8230; que incluso puede llevar a la intoxicaci\u00f3n.<\/em><\/h4>\n<p><strong><em>Puede causar da\u00f1os en la mucosa intestinal<\/em><\/strong><\/p>\n<ul>\n<li>Por la acci\u00f3n del etanol sobre los m\u00fasculos lisos del intestino puede producir diarreas.<\/li>\n<li>Esto puede conllevar a desnutrici\u00f3n y baja asimilaci\u00f3n proteica.<\/li>\n<\/ul>\n<p><strong><em>Adem\u00e1s, puede producir aumento en la actividad cardiaca<\/em><\/strong><\/p>\n<ul>\n<li>Hipertensi\u00f3n arterial<\/li>\n<li>Miocardiopat\u00eda.<\/li>\n<li>Arritmias.<\/li>\n<\/ul>\n\r\n    <div>        \r\n    <video id=\"plyr69f87c86b7f6c\" controls class=\"easy-video-player\">\r\n       <source src=\"https:\/\/robertocastellano.club\/academia\/bloque08\/alcohol.mp4\" type=\"video\/mp4\" \/>\r\n    <\/video>\r\n    <\/div>    <script>\r\n        const evplayerplyr69f87c86b7f6c = new Plyr(document.getElementById('plyr69f87c86b7f6c'));\r\n        evplayerplyr69f87c86b7f6c.ratio = '16:9';\r\n        evplayerplyr69f87c86b7f6c.iconUrl = 'https:\/\/robertocastellano.club\/academia\/wp-content\/plugins\/easy-video-player\/lib\/plyr.svg';\r\n        evplayerplyr69f87c86b7f6c.blankVideo = 'https:\/\/robertocastellano.club\/academia\/wp-content\/plugins\/easy-video-player\/lib\/blank.mp4';  \r\n    <\/script>\n<h4 style=\"text-align: center;\"><a href=\"https:\/\/robertocastellano.club\/academia\/bloque-8\/\">VOLVER AL MENU<\/a><\/h4>\n","protected":false},"excerpt":{"rendered":"<p>El alcohol, que aporta 7 kcal x gramo, nutricionalmente no tiene \u00abnada bueno\u00bb, pues es desfavorable para el cuerpo humano&#8230; son CALOR\u00cdAS VAC\u00cdAS&#8230; que incluso puede llevar a la intoxicaci\u00f3n. Puede causar<a class=\"moretag\" href=\"https:\/\/robertocastellano.club\/academia\/alcohol\/\">Leer m\u00e1s&#8230;<\/a><\/p>\n","protected":false},"author":1,"featured_media":0,"parent":0,"menu_order":0,"comment_status":"closed","ping_status":"closed","template":"","meta":{"footnotes":""},"class_list":["post-986","page","type-page","status-publish","hentry"],"_links":{"self":[{"href":"https:\/\/robertocastellano.club\/academia\/wp-json\/wp\/v2\/pages\/986","targetHints":{"allow":["GET"]}}],"collection":[{"href":"https:\/\/robertocastellano.club\/academia\/wp-json\/wp\/v2\/pages"}],"about":[{"href":"https:\/\/robertocastellano.club\/academia\/wp-json\/wp\/v2\/types\/page"}],"author":[{"embeddable":true,"href":"https:\/\/robertocastellano.club\/academia\/wp-json\/wp\/v2\/users\/1"}],"replies":[{"embeddable":true,"href":"https:\/\/robertocastellano.club\/academia\/wp-json\/wp\/v2\/comments?post=986"}],"version-history":[{"count":3,"href":"https:\/\/robertocastellano.club\/academia\/wp-json\/wp\/v2\/pages\/986\/revisions"}],"predecessor-version":[{"id":1042,"href":"https:\/\/robertocastellano.club\/academia\/wp-json\/wp\/v2\/pages\/986\/revisions\/1042"}],"wp:attachment":[{"href":"https:\/\/robertocastellano.club\/academia\/wp-json\/wp\/v2\/media?parent=986"}],"curies":[{"name":"wp","href":"https:\/\/api.w.org\/{rel}","templated":true}]}}