{"id":48,"date":"2021-10-13T06:29:05","date_gmt":"2021-10-13T06:29:05","guid":{"rendered":"http:\/\/robertocastellano.club\/\/curso\/?page_id=48"},"modified":"2022-03-18T08:23:00","modified_gmt":"2022-03-18T08:23:00","slug":"bloque-1","status":"publish","type":"page","link":"https:\/\/robertocastellano.club\/curso\/bloque-1\/","title":{"rendered":"BLOQUE 1"},"content":{"rendered":"<p><script language='JavaScript'>\n\/\/Bloquea textos e imagenes\nfunction bloquear(e){return false}\nfunction desbloquear(){return true}\ndocument.onselectstart=new Function (\"return false\")\ndocument.oncontextmenu=new Function(\"return false\");\nif (window.sidebar){document.onmousedown=bloquear\ndocument.onclick=desbloquear}\n<\/script><br \/>\n<img loading=\"lazy\" decoding=\"async\" class=\"alignnone size-full wp-image-106\" src=\"http:\/\/robertocastellano.club\/\/curso\/wp-content\/uploads\/2021\/10\/bloque1.jpg\" alt=\"\" width=\"1200\" height=\"552\" srcset=\"https:\/\/robertocastellano.club\/curso\/wp-content\/uploads\/2021\/10\/bloque1.jpg 1200w, https:\/\/robertocastellano.club\/curso\/wp-content\/uploads\/2021\/10\/bloque1-300x138.jpg 300w, https:\/\/robertocastellano.club\/curso\/wp-content\/uploads\/2021\/10\/bloque1-1024x471.jpg 1024w, https:\/\/robertocastellano.club\/curso\/wp-content\/uploads\/2021\/10\/bloque1-768x353.jpg 768w\" sizes=\"auto, (max-width: 1200px) 100vw, 1200px\" \/><\/p>\n<ul>\n<li>\n<h4>1) Consideraciones Legales, Competencia y \u00c1mbito de Actuaci\u00f3n<\/h4>\n<\/li>\n<li>\n<h4>2) Preparador F\u00edsico, Nutricionista, Entrenador Personal, Similitudes y Diferencias<\/h4>\n<\/li>\n<\/ul>\n<h4 style=\"text-align: center;\"><a href=\"http:\/\/robertocastellano.club\/curso\/bloque-2\/\" rel=\"noopener\">SIGUIENTE BLOQUE 2<\/a><\/h4>\n","protected":false},"excerpt":{"rendered":"<p>1) Consideraciones Legales, Competencia y \u00c1mbito de Actuaci\u00f3n 2) Preparador F\u00edsico, Nutricionista, Entrenador Personal, Similitudes y Diferencias SIGUIENTE BLOQUE 2<\/p>\n","protected":false},"author":1,"featured_media":0,"parent":0,"menu_order":0,"comment_status":"closed","ping_status":"closed","template":"","meta":{"footnotes":""},"class_list":["post-48","page","type-page","status-publish","hentry"],"_links":{"self":[{"href":"https:\/\/robertocastellano.club\/curso\/wp-json\/wp\/v2\/pages\/48","targetHints":{"allow":["GET"]}}],"collection":[{"href":"https:\/\/robertocastellano.club\/curso\/wp-json\/wp\/v2\/pages"}],"about":[{"href":"https:\/\/robertocastellano.club\/curso\/wp-json\/wp\/v2\/types\/page"}],"author":[{"embeddable":true,"href":"https:\/\/robertocastellano.club\/curso\/wp-json\/wp\/v2\/users\/1"}],"replies":[{"embeddable":true,"href":"https:\/\/robertocastellano.club\/curso\/wp-json\/wp\/v2\/comments?post=48"}],"version-history":[{"count":15,"href":"https:\/\/robertocastellano.club\/curso\/wp-json\/wp\/v2\/pages\/48\/revisions"}],"predecessor-version":[{"id":107,"href":"https:\/\/robertocastellano.club\/curso\/wp-json\/wp\/v2\/pages\/48\/revisions\/107"}],"wp:attachment":[{"href":"https:\/\/robertocastellano.club\/curso\/wp-json\/wp\/v2\/media?parent=48"}],"curies":[{"name":"wp","href":"https:\/\/api.w.org\/{rel}","templated":true}]}}