{"id":57,"date":"2021-10-13T06:37:21","date_gmt":"2021-10-13T06:37:21","guid":{"rendered":"http:\/\/robertocastellano.club\/\/curso\/?page_id=57"},"modified":"2022-03-18T08:26:41","modified_gmt":"2022-03-18T08:26:41","slug":"bloque-4","status":"publish","type":"page","link":"https:\/\/robertocastellano.club\/curso\/bloque-4\/","title":{"rendered":"BLOQUE 4"},"content":{"rendered":"<p><script language='JavaScript'>\n\/\/Bloquea textos e imagenes\nfunction bloquear(e){return false}\nfunction desbloquear(){return true}\ndocument.onselectstart=new Function (\"return false\")\ndocument.oncontextmenu=new Function(\"return false\");\nif (window.sidebar){document.onmousedown=bloquear\ndocument.onclick=desbloquear}\n<\/script><br \/>\n<img loading=\"lazy\" decoding=\"async\" class=\"alignnone wp-image-449 size-full\" src=\"http:\/\/robertocastellano.club\/\/curso\/wp-content\/uploads\/2021\/11\/TITULO.jpg\" alt=\"\" width=\"1200\" height=\"557\" srcset=\"https:\/\/robertocastellano.club\/curso\/wp-content\/uploads\/2021\/11\/TITULO.jpg 1200w, https:\/\/robertocastellano.club\/curso\/wp-content\/uploads\/2021\/11\/TITULO-300x139.jpg 300w, https:\/\/robertocastellano.club\/curso\/wp-content\/uploads\/2021\/11\/TITULO-1024x475.jpg 1024w, https:\/\/robertocastellano.club\/curso\/wp-content\/uploads\/2021\/11\/TITULO-768x356.jpg 768w\" sizes=\"auto, (max-width: 1200px) 100vw, 1200px\" \/><\/p>\n<p>A continuaci\u00f3n una\u00a0 introducci\u00f3n sobre el metabolismo y los sistemas energ\u00e9ticos<\/p>\n<h4 style=\"padding-left: 40px;\">4.1. Los metabolismos energ\u00e9ticos<br \/>\n4.2. Las zonas metab\u00f3licas, descripci\u00f3n<br \/>\n4.3. Las zonas metab\u00f3licas, ampliaci\u00f3n<br \/>\n4.4. V\u00eddeo: C\u00f3mo funciona el \u00abTODO\u00bb<\/h4>\n<h4 style=\"text-align: center;\"><a href=\"http:\/\/robertocastellano.club\/curso\/bloque-5\/\">SIGUIENTE<\/a><\/h4>\n","protected":false},"excerpt":{"rendered":"<p>A continuaci\u00f3n una\u00a0 introducci\u00f3n sobre el metabolismo y los sistemas energ\u00e9ticos 4.1. Los metabolismos energ\u00e9ticos 4.2. Las zonas metab\u00f3licas, descripci\u00f3n 4.3. Las zonas metab\u00f3licas, ampliaci\u00f3n 4.4. V\u00eddeo: C\u00f3mo funciona el \u00abTODO\u00bb SIGUIENTE<\/p>\n","protected":false},"author":1,"featured_media":0,"parent":0,"menu_order":0,"comment_status":"closed","ping_status":"closed","template":"","meta":{"footnotes":""},"class_list":["post-57","page","type-page","status-publish","hentry"],"_links":{"self":[{"href":"https:\/\/robertocastellano.club\/curso\/wp-json\/wp\/v2\/pages\/57","targetHints":{"allow":["GET"]}}],"collection":[{"href":"https:\/\/robertocastellano.club\/curso\/wp-json\/wp\/v2\/pages"}],"about":[{"href":"https:\/\/robertocastellano.club\/curso\/wp-json\/wp\/v2\/types\/page"}],"author":[{"embeddable":true,"href":"https:\/\/robertocastellano.club\/curso\/wp-json\/wp\/v2\/users\/1"}],"replies":[{"embeddable":true,"href":"https:\/\/robertocastellano.club\/curso\/wp-json\/wp\/v2\/comments?post=57"}],"version-history":[{"count":17,"href":"https:\/\/robertocastellano.club\/curso\/wp-json\/wp\/v2\/pages\/57\/revisions"}],"predecessor-version":[{"id":1069,"href":"https:\/\/robertocastellano.club\/curso\/wp-json\/wp\/v2\/pages\/57\/revisions\/1069"}],"wp:attachment":[{"href":"https:\/\/robertocastellano.club\/curso\/wp-json\/wp\/v2\/media?parent=57"}],"curies":[{"name":"wp","href":"https:\/\/api.w.org\/{rel}","templated":true}]}}