{"id":60,"date":"2021-10-13T06:37:58","date_gmt":"2021-10-13T06:37:58","guid":{"rendered":"http:\/\/robertocastellano.club\/\/curso\/?page_id=60"},"modified":"2022-03-18T08:28:00","modified_gmt":"2022-03-18T08:28:00","slug":"bloque-5","status":"publish","type":"page","link":"https:\/\/robertocastellano.club\/curso\/bloque-5\/","title":{"rendered":"BLOQUE 5"},"content":{"rendered":"<p><img loading=\"lazy\" decoding=\"async\" class=\"alignnone wp-image-518 size-full\" src=\"http:\/\/robertocastellano.club\/\/curso\/wp-content\/uploads\/2021\/12\/titulo-bloque-5.png\" alt=\"\" width=\"1200\" height=\"558\" srcset=\"https:\/\/robertocastellano.club\/curso\/wp-content\/uploads\/2021\/12\/titulo-bloque-5.png 1200w, https:\/\/robertocastellano.club\/curso\/wp-content\/uploads\/2021\/12\/titulo-bloque-5-300x140.png 300w, https:\/\/robertocastellano.club\/curso\/wp-content\/uploads\/2021\/12\/titulo-bloque-5-1024x476.png 1024w, https:\/\/robertocastellano.club\/curso\/wp-content\/uploads\/2021\/12\/titulo-bloque-5-768x357.png 768w\" sizes=\"auto, (max-width: 1200px) 100vw, 1200px\" \/><\/p>\n<ul>\n<li>\n<h4>5.1. ESTRUCTURA MACROSC\u00d3PICA DEL M\u00daSCULO<\/h4>\n<\/li>\n<li>\n<h4>5.2. VISI\u00d3N MICROSC\u00d3PICA DE UN SARC\u00d3MERO<\/h4>\n<\/li>\n<li>\n<h4>5.3. PLACA MOTORA O UNI\u00d3N NEUROMUSCULAR<\/h4>\n<\/li>\n<li>\n<h4>5.4. FUNCIONES DEL M\u00daSCULO ESQUEL\u00c9TICO<\/h4>\n<\/li>\n<li>\n<h4>5.5. PRINCIPIO DE HENNEMAN DE CONTRACCI\u00d3N<\/h4>\n<\/li>\n<li>\n<h4>5.6. LEY DEL TODO O NADA<\/h4>\n<\/li>\n<\/ul>\n<h2>VIDEOS COMPARTIDOS<\/h2>\n<ul>\n<li>\n<h4>VIDEO 1: C\u00d3MO SE DA UNA CONTRACCI\u00d3N<\/h4>\n<\/li>\n<li>\n<h4>VIDEO 2: TIPOS DE FIBRAS MUSCULARES<\/h4>\n<\/li>\n<li>\n<h4>V\u00cdDEO 3: EL M\u00daSCULO Y SUS NECESIDADES<\/h4>\n<\/li>\n<\/ul>\n<h4 style=\"text-align: center;\"><a href=\"http:\/\/robertocastellano.club\/curso\/bloque-6\/\">SIGUIENTE<\/a><\/h4>\n","protected":false},"excerpt":{"rendered":"<p>5.1. ESTRUCTURA MACROSC\u00d3PICA DEL M\u00daSCULO 5.2. VISI\u00d3N MICROSC\u00d3PICA DE UN SARC\u00d3MERO 5.3. PLACA MOTORA O UNI\u00d3N NEUROMUSCULAR 5.4. FUNCIONES DEL M\u00daSCULO ESQUEL\u00c9TICO 5.5. PRINCIPIO DE HENNEMAN DE CONTRACCI\u00d3N 5.6. LEY DEL TODO<a class=\"moretag\" href=\"https:\/\/robertocastellano.club\/curso\/bloque-5\/\">Leer m\u00e1s&#8230;<\/a><\/p>\n","protected":false},"author":1,"featured_media":0,"parent":0,"menu_order":0,"comment_status":"closed","ping_status":"closed","template":"","meta":{"footnotes":""},"class_list":["post-60","page","type-page","status-publish","hentry"],"_links":{"self":[{"href":"https:\/\/robertocastellano.club\/curso\/wp-json\/wp\/v2\/pages\/60","targetHints":{"allow":["GET"]}}],"collection":[{"href":"https:\/\/robertocastellano.club\/curso\/wp-json\/wp\/v2\/pages"}],"about":[{"href":"https:\/\/robertocastellano.club\/curso\/wp-json\/wp\/v2\/types\/page"}],"author":[{"embeddable":true,"href":"https:\/\/robertocastellano.club\/curso\/wp-json\/wp\/v2\/users\/1"}],"replies":[{"embeddable":true,"href":"https:\/\/robertocastellano.club\/curso\/wp-json\/wp\/v2\/comments?post=60"}],"version-history":[{"count":16,"href":"https:\/\/robertocastellano.club\/curso\/wp-json\/wp\/v2\/pages\/60\/revisions"}],"predecessor-version":[{"id":1070,"href":"https:\/\/robertocastellano.club\/curso\/wp-json\/wp\/v2\/pages\/60\/revisions\/1070"}],"wp:attachment":[{"href":"https:\/\/robertocastellano.club\/curso\/wp-json\/wp\/v2\/media?parent=60"}],"curies":[{"name":"wp","href":"https:\/\/api.w.org\/{rel}","templated":true}]}}