{"id":63,"date":"2021-10-13T06:38:46","date_gmt":"2021-10-13T06:38:46","guid":{"rendered":"http:\/\/robertocastellano.club\/\/curso\/?page_id=63"},"modified":"2022-03-18T08:30:42","modified_gmt":"2022-03-18T08:30:42","slug":"bloque-6","status":"publish","type":"page","link":"https:\/\/robertocastellano.club\/curso\/bloque-6\/","title":{"rendered":"BLOQUE 6"},"content":{"rendered":"<p><img loading=\"lazy\" decoding=\"async\" class=\"alignnone wp-image-764 size-full\" src=\"http:\/\/robertocastellano.club\/\/curso\/wp-content\/uploads\/2022\/01\/bloque6.jpg\" alt=\"\" width=\"1200\" height=\"557\" srcset=\"https:\/\/robertocastellano.club\/curso\/wp-content\/uploads\/2022\/01\/bloque6.jpg 1200w, https:\/\/robertocastellano.club\/curso\/wp-content\/uploads\/2022\/01\/bloque6-300x139.jpg 300w, https:\/\/robertocastellano.club\/curso\/wp-content\/uploads\/2022\/01\/bloque6-1024x475.jpg 1024w, https:\/\/robertocastellano.club\/curso\/wp-content\/uploads\/2022\/01\/bloque6-768x356.jpg 768w\" sizes=\"auto, (max-width: 1200px) 100vw, 1200px\" \/><\/p>\n<p>En el presente bloque haremos algo diferente. Aqu\u00ed a\u00f1ado el<strong> Libro Fundamentos de la Mec\u00e1nica del Ejercicio<\/strong>, uno conocido de referencia en el sector. Es un tema muuuuuuy amplio y te\u00f3rico, del que solo quiero que aprend\u00e1is a interpretarlo hacia los entrenos y prevenci\u00f3n de lesiones.<\/p>\n<p>A continuaci\u00f3n dos v\u00eddeos, uno sobre definiciones y otro, os prepar\u00e9 un cuestionario con preguntas para que vay\u00e1is analizando y respondiendo.<\/p>\n<p><img loading=\"lazy\" decoding=\"async\" class=\"alignnone wp-image-878 size-full\" src=\"http:\/\/robertocastellano.club\/\/curso\/wp-content\/uploads\/2022\/01\/BIO-1.png\" alt=\"\" width=\"1200\" height=\"192\" srcset=\"https:\/\/robertocastellano.club\/curso\/wp-content\/uploads\/2022\/01\/BIO-1.png 1200w, https:\/\/robertocastellano.club\/curso\/wp-content\/uploads\/2022\/01\/BIO-1-300x48.png 300w, https:\/\/robertocastellano.club\/curso\/wp-content\/uploads\/2022\/01\/BIO-1-1024x164.png 1024w, https:\/\/robertocastellano.club\/curso\/wp-content\/uploads\/2022\/01\/BIO-1-768x123.png 768w\" sizes=\"auto, (max-width: 1200px) 100vw, 1200px\" \/><br \/>\n<img loading=\"lazy\" decoding=\"async\" class=\"alignnone wp-image-879 size-full\" src=\"http:\/\/robertocastellano.club\/curso\/wp-content\/uploads\/2022\/01\/ERGONOMIA.png\" alt=\"\" width=\"1200\" height=\"192\" srcset=\"https:\/\/robertocastellano.club\/curso\/wp-content\/uploads\/2022\/01\/ERGONOMIA.png 1200w, https:\/\/robertocastellano.club\/curso\/wp-content\/uploads\/2022\/01\/ERGONOMIA-300x48.png 300w, https:\/\/robertocastellano.club\/curso\/wp-content\/uploads\/2022\/01\/ERGONOMIA-1024x164.png 1024w, https:\/\/robertocastellano.club\/curso\/wp-content\/uploads\/2022\/01\/ERGONOMIA-768x123.png 768w\" sizes=\"auto, (max-width: 1200px) 100vw, 1200px\" \/><img loading=\"lazy\" decoding=\"async\" class=\"alignnone wp-image-880 size-full\" src=\"http:\/\/robertocastellano.club\/curso\/wp-content\/uploads\/2022\/01\/preguntas.png\" alt=\"\" width=\"1200\" height=\"192\" srcset=\"https:\/\/robertocastellano.club\/curso\/wp-content\/uploads\/2022\/01\/preguntas.png 1200w, https:\/\/robertocastellano.club\/curso\/wp-content\/uploads\/2022\/01\/preguntas-300x48.png 300w, https:\/\/robertocastellano.club\/curso\/wp-content\/uploads\/2022\/01\/preguntas-1024x164.png 1024w, https:\/\/robertocastellano.club\/curso\/wp-content\/uploads\/2022\/01\/preguntas-768x123.png 768w\" sizes=\"auto, (max-width: 1200px) 100vw, 1200px\" \/><\/p>\n<p>Un reto obligado para poder estudiar una de las ramas menos exploradas de la Biomec\u00e1nica: la\u00a0<strong>Mec\u00e1nica del Ejercicio<\/strong>. Un \u00e1rea que muestra la importancia del conocimiento sobre las fuerzas que se aplican, generan y toleran en el cuerpo.<br \/>\nNo obstante, el premio a tanto esfuerzo es grande.<\/p>\n<p>El conocimiento en profundidad de la\u00a0<strong>Mec\u00e1nica del Ejercicio<\/strong>\u00a0har\u00e1 al profesional del ejercicio y la salud ver las cosas desde una perspectiva completamente diferente; ver con nuevos ojos, lo que se traducir\u00e1 en una mejor capacidad de analizar<br \/>\nlo \u201cinvisible\u201d que hay detr\u00e1s de cualquier ejercicio, m\u00e9todo o m\u00e1quina.<\/p>\n<p>Si el profesional del ejercicio es capaz de: ver y manipular estrat\u00e9gicamente las fuerzas aplicadas, conocer la adecuada respuesta neuromuscular a estas, valorar sus propiedades y efectos, entender la tolerancia de la estructura a dichas fuerzas, comprender la estructura humana y sus sistemas de control de las fuerzas, entonces habr\u00e1 encontrado el camino hacia el conocimiento de la\u00a0<strong>Mec\u00e1nica del Ejercicio<\/strong>\u00a0en profundidad y podr\u00e1 entender el ejercicio m\u00e1s all\u00e1 de los mitos existentes y con unos nuevos ojos que le dar\u00e1n un mejor criterio para analizar los fundamentos del ejercicio f\u00edsico.<\/p>\n<p>Atnes de ingresar a profundidad sobre este bloque, donde os dejar\u00e9 una referencia bibliogr\u00e1fica fuera de serie, me gustar\u00eda que pudieran analizar algunos temas que he elaborado a lo largo de los a\u00f1os de experiencia como preparador personal.<\/p>\n<ul>\n<li>La respuesta hormonal en el plan de entreno<\/li>\n<li>La anatom\u00eda de un culturista<\/li>\n<li>La conexi\u00f3n mente-m\u00fasculos<\/li>\n<li>Culturista, \u00bfsabes comprender al cuerpo?<\/li>\n<li>C\u00f3mo prevenir un accidente al entrenar<\/li>\n<li>Tema relevante: dolor e inflamaci\u00f3n<\/li>\n<li>No arruines la sobrecarga progresiva<\/li>\n<li>El necesario descanso articular<\/li>\n<li>Cuanto m\u00e1s fuerte, es posible m\u00e1s lesiones<\/li>\n<\/ul>\n<h4>Podemos ver como funciona la teor\u00eda con dos ejercicios espec\u00edficos y que conforman el Rey y la Reina de los ejercicios.<\/h4>\n<ul>\n<li>La biomec\u00e1nica del peso muerto<\/li>\n<li>La biomec\u00e1nica de la sentadilla<\/li>\n<\/ul>\n<p>Abajo, el link al material que ya compart\u00ed en el grupo del curso.<\/p>\n<p><img loading=\"lazy\" decoding=\"async\" class=\"alignnone size-full wp-image-844\" src=\"http:\/\/robertocastellano.club\/\/curso\/wp-content\/uploads\/2022\/01\/BIO.png\" alt=\"\" width=\"801\" height=\"615\" srcset=\"https:\/\/robertocastellano.club\/curso\/wp-content\/uploads\/2022\/01\/BIO.png 801w, https:\/\/robertocastellano.club\/curso\/wp-content\/uploads\/2022\/01\/BIO-300x230.png 300w, https:\/\/robertocastellano.club\/curso\/wp-content\/uploads\/2022\/01\/BIO-768x590.png 768w\" sizes=\"auto, (max-width: 801px) 100vw, 801px\" \/><\/p>\n<h4 style=\"text-align: center;\"><a href=\"http:\/\/robertocastellano.club\/curso\/bloque-7\/\">SIGUIENTE<\/a><\/h4>\n","protected":false},"excerpt":{"rendered":"<p>En el presente bloque haremos algo diferente. Aqu\u00ed a\u00f1ado el Libro Fundamentos de la Mec\u00e1nica del Ejercicio, uno conocido de referencia en el sector. Es un tema muuuuuuy amplio y te\u00f3rico, del<a class=\"moretag\" href=\"https:\/\/robertocastellano.club\/curso\/bloque-6\/\">Leer m\u00e1s&#8230;<\/a><\/p>\n","protected":false},"author":1,"featured_media":0,"parent":0,"menu_order":0,"comment_status":"closed","ping_status":"closed","template":"","meta":{"footnotes":""},"class_list":["post-63","page","type-page","status-publish","hentry"],"_links":{"self":[{"href":"https:\/\/robertocastellano.club\/curso\/wp-json\/wp\/v2\/pages\/63","targetHints":{"allow":["GET"]}}],"collection":[{"href":"https:\/\/robertocastellano.club\/curso\/wp-json\/wp\/v2\/pages"}],"about":[{"href":"https:\/\/robertocastellano.club\/curso\/wp-json\/wp\/v2\/types\/page"}],"author":[{"embeddable":true,"href":"https:\/\/robertocastellano.club\/curso\/wp-json\/wp\/v2\/users\/1"}],"replies":[{"embeddable":true,"href":"https:\/\/robertocastellano.club\/curso\/wp-json\/wp\/v2\/comments?post=63"}],"version-history":[{"count":33,"href":"https:\/\/robertocastellano.club\/curso\/wp-json\/wp\/v2\/pages\/63\/revisions"}],"predecessor-version":[{"id":1071,"href":"https:\/\/robertocastellano.club\/curso\/wp-json\/wp\/v2\/pages\/63\/revisions\/1071"}],"wp:attachment":[{"href":"https:\/\/robertocastellano.club\/curso\/wp-json\/wp\/v2\/media?parent=63"}],"curies":[{"name":"wp","href":"https:\/\/api.w.org\/{rel}","templated":true}]}}